{"id":2874,"date":"2024-08-12T19:13:01","date_gmt":"2024-08-12T19:13:01","guid":{"rendered":"https:\/\/corpobluemorpho.org\/?page_id=2874"},"modified":"2024-09-12T22:09:31","modified_gmt":"2024-09-12T22:09:31","slug":"procesos-restaurativos","status":"publish","type":"page","link":"https:\/\/corpobluemorpho.org\/?page_id=2874","title":{"rendered":"PROCESOS RESTAURATIVOS"},"content":{"rendered":"\t\t<div data-elementor-type=\"wp-page\" data-elementor-id=\"2874\" class=\"elementor elementor-2874\">\n\t\t\t\t\t\t<section class=\"elementor-section elementor-top-section elementor-element elementor-element-3b88bef elementor-section-boxed elementor-section-height-default elementor-section-height-default\" data-id=\"3b88bef\" data-element_type=\"section\" data-settings=\"{&quot;background_background&quot;:&quot;classic&quot;}\">\n\t\t\t\t\t\t\t<div class=\"elementor-background-overlay\"><\/div>\n\t\t\t\t\t\t\t<div class=\"elementor-container elementor-column-gap-default\">\n\t\t\t\t\t<div class=\"elementor-column elementor-col-100 elementor-top-column elementor-element elementor-element-97767a7\" data-id=\"97767a7\" data-element_type=\"column\">\n\t\t\t<div class=\"elementor-widget-wrap elementor-element-populated\">\n\t\t\t\t\t\t<div class=\"elementor-element elementor-element-d42ff8f elementor-widget elementor-widget-heading\" data-id=\"d42ff8f\" data-element_type=\"widget\" data-widget_type=\"heading.default\">\n\t\t\t\t<div class=\"elementor-widget-container\">\n\t\t\t<h1 class=\"elementor-heading-title elementor-size-default\">Procesos Restaurativos<\/h1>\t\t<\/div>\n\t\t\t\t<\/div>\n\t\t\t\t\t<\/div>\n\t\t<\/div>\n\t\t\t\t\t<\/div>\n\t\t<\/section>\n\t\t\t\t<section class=\"elementor-section elementor-top-section elementor-element elementor-element-eea1716 elementor-section-boxed elementor-section-height-default elementor-section-height-default\" data-id=\"eea1716\" data-element_type=\"section\" data-settings=\"{&quot;background_background&quot;:&quot;classic&quot;}\">\n\t\t\t\t\t\t<div class=\"elementor-container elementor-column-gap-no\">\n\t\t\t\t\t<div class=\"elementor-column elementor-col-50 elementor-top-column elementor-element elementor-element-df6df5e\" data-id=\"df6df5e\" data-element_type=\"column\">\n\t\t\t<div class=\"elementor-widget-wrap elementor-element-populated\">\n\t\t\t\t\t\t<div class=\"elementor-element elementor-element-77ec568 elementor-widget elementor-widget-heading\" data-id=\"77ec568\" data-element_type=\"widget\" data-widget_type=\"heading.default\">\n\t\t\t\t<div class=\"elementor-widget-container\">\n\t\t\t<h2 class=\"elementor-heading-title elementor-size-default\">En su hacer democr\u00e1tico CORPOBLUEMORPHO<\/h2>\t\t<\/div>\n\t\t\t\t<\/div>\n\t\t\t\t<div class=\"elementor-element elementor-element-2470351 elementor-widget elementor-widget-text-editor\" data-id=\"2470351\" data-element_type=\"widget\" data-widget_type=\"text-editor.default\">\n\t\t\t\t<div class=\"elementor-widget-container\">\n\t\t\t\t\t\t\t<p>Tiene como prop\u00f3sito central, sumar acciones orientadas a promover experiencias de paz.<\/p>\t\t\t\t\t\t<\/div>\n\t\t\t\t<\/div>\n\t\t\t\t\t<\/div>\n\t\t<\/div>\n\t\t\t\t<div class=\"elementor-column elementor-col-50 elementor-top-column elementor-element elementor-element-079b10a\" data-id=\"079b10a\" data-element_type=\"column\">\n\t\t\t<div class=\"elementor-widget-wrap elementor-element-populated\">\n\t\t\t\t\t\t<div class=\"elementor-element elementor-element-d1189fe elementor-widget elementor-widget-text-editor\" data-id=\"d1189fe\" data-element_type=\"widget\" data-widget_type=\"text-editor.default\">\n\t\t\t\t<div class=\"elementor-widget-container\">\n\t\t\t\t\t\t\t<p>Tejer a partir del encuentro, el reconocimiento y el di\u00e1logo desde s\u00ed mismo con los otros, en \u201cc\u00edrculos de palabra\u201d que convocan la condici\u00f3n de iguales e invitan a construir desde la diversidad, el respeto y trascendencia por el propio ser y por el otro, con lo que colaboran en la b\u00fasqueda de armon\u00eda y transformaci\u00f3n consciente de situaciones complejas al interior de diversos entornos pr\u00f3ximos (familia, amigos) y \u00e1mbitos m\u00e1s expansivos (vecinales, institucionales o territoriales).<\/p><p>Se promueve el reconocimiento de contenidos y emociones arraigadas, v\u00ednculos y din\u00e1micas instaladas que han generado tipos de individuos, familias o grupos, en la b\u00fasqueda de una transformaci\u00f3n consciente, arm\u00f3nica y dial\u00f3gica que contribuyan al posicionamiento de un sentido m\u00e1s humano y solidario en el pensar, sentir y actuar de las personas y grupos, provocando alianzas y compromisos para emprender transformaciones significativas y necesarias para los participantes en la restauraci\u00f3n y reparaci\u00f3n de da\u00f1os.<\/p>\t\t\t\t\t\t<\/div>\n\t\t\t\t<\/div>\n\t\t\t\t\t<\/div>\n\t\t<\/div>\n\t\t\t\t\t<\/div>\n\t\t<\/section>\n\t\t\t\t<\/div>\n\t\t","protected":false},"excerpt":{"rendered":"<p>Procesos Restaurativos En su hacer democr\u00e1tico CORPOBLUEMORPHO Tiene como prop\u00f3sito central, sumar acciones orientadas a promover experiencias de paz. Tejer a partir del encuentro, el reconocimiento y el di\u00e1logo desde s\u00ed mismo con los otros, en \u201cc\u00edrculos de palabra\u201d que convocan la condici\u00f3n de iguales e invitan a construir desde la diversidad, el respeto y [&hellip;]<\/p>\n","protected":false},"author":1,"featured_media":0,"parent":0,"menu_order":0,"comment_status":"closed","ping_status":"closed","template":"","meta":{"site-sidebar-layout":"no-sidebar","site-content-layout":"page-builder","ast-site-content-layout":"full-width-container","site-content-style":"default","site-sidebar-style":"default","ast-global-header-display":"","ast-banner-title-visibility":"","ast-main-header-display":"","ast-hfb-above-header-display":"","ast-hfb-below-header-display":"","ast-hfb-mobile-header-display":"","site-post-title":"disabled","ast-breadcrumbs-content":"","ast-featured-img":"disabled","footer-sml-layout":"","theme-transparent-header-meta":"","adv-header-id-meta":"","stick-header-meta":"","header-above-stick-meta":"","header-main-stick-meta":"","header-below-stick-meta":"","astra-migrate-meta-layouts":"set","ast-page-background-enabled":"default","ast-page-background-meta":{"desktop":{"background-color":"var(--ast-global-color-4)","background-image":"","background-repeat":"repeat","background-position":"center center","background-size":"auto","background-attachment":"scroll","background-type":"","background-media":"","overlay-type":"","overlay-color":"","overlay-opacity":"","overlay-gradient":""},"tablet":{"background-color":"","background-image":"","background-repeat":"repeat","background-position":"center center","background-size":"auto","background-attachment":"scroll","background-type":"","background-media":"","overlay-type":"","overlay-color":"","overlay-opacity":"","overlay-gradient":""},"mobile":{"background-color":"","background-image":"","background-repeat":"repeat","background-position":"center center","background-size":"auto","background-attachment":"scroll","background-type":"","background-media":"","overlay-type":"","overlay-color":"","overlay-opacity":"","overlay-gradient":""}},"ast-content-background-meta":{"desktop":{"background-color":"var(--ast-global-color-5)","background-image":"","background-repeat":"repeat","background-position":"center center","background-size":"auto","background-attachment":"scroll","background-type":"","background-media":"","overlay-type":"","overlay-color":"","overlay-opacity":"","overlay-gradient":""},"tablet":{"background-color":"var(--ast-global-color-5)","background-image":"","background-repeat":"repeat","background-position":"center center","background-size":"auto","background-attachment":"scroll","background-type":"","background-media":"","overlay-type":"","overlay-color":"","overlay-opacity":"","overlay-gradient":""},"mobile":{"background-color":"var(--ast-global-color-5)","background-image":"","background-repeat":"repeat","background-position":"center center","background-size":"auto","background-attachment":"scroll","background-type":"","background-media":"","overlay-type":"","overlay-color":"","overlay-opacity":"","overlay-gradient":""}},"footnotes":""},"class_list":["post-2874","page","type-page","status-publish","hentry"],"_links":{"self":[{"href":"https:\/\/corpobluemorpho.org\/index.php?rest_route=\/wp\/v2\/pages\/2874"}],"collection":[{"href":"https:\/\/corpobluemorpho.org\/index.php?rest_route=\/wp\/v2\/pages"}],"about":[{"href":"https:\/\/corpobluemorpho.org\/index.php?rest_route=\/wp\/v2\/types\/page"}],"author":[{"embeddable":true,"href":"https:\/\/corpobluemorpho.org\/index.php?rest_route=\/wp\/v2\/users\/1"}],"replies":[{"embeddable":true,"href":"https:\/\/corpobluemorpho.org\/index.php?rest_route=%2Fwp%2Fv2%2Fcomments&post=2874"}],"version-history":[{"count":20,"href":"https:\/\/corpobluemorpho.org\/index.php?rest_route=\/wp\/v2\/pages\/2874\/revisions"}],"predecessor-version":[{"id":3441,"href":"https:\/\/corpobluemorpho.org\/index.php?rest_route=\/wp\/v2\/pages\/2874\/revisions\/3441"}],"wp:attachment":[{"href":"https:\/\/corpobluemorpho.org\/index.php?rest_route=%2Fwp%2Fv2%2Fmedia&parent=2874"}],"curies":[{"name":"wp","href":"https:\/\/api.w.org\/{rel}","templated":true}]}}