{"id":2387,"date":"2024-08-08T22:34:26","date_gmt":"2024-08-08T22:34:26","guid":{"rendered":"https:\/\/corpobluemorpho.org\/?page_id=2387"},"modified":"2024-09-12T21:15:34","modified_gmt":"2024-09-12T21:15:34","slug":"el-mohan","status":"publish","type":"page","link":"https:\/\/corpobluemorpho.org\/?page_id=2387","title":{"rendered":"EL MOHAN"},"content":{"rendered":"\t\t<div data-elementor-type=\"wp-page\" data-elementor-id=\"2387\" class=\"elementor elementor-2387\">\n\t\t\t\t\t\t<section class=\"elementor-section elementor-top-section elementor-element elementor-element-92986e3 elementor-section-boxed elementor-section-height-default elementor-section-height-default\" data-id=\"92986e3\" data-element_type=\"section\" data-settings=\"{&quot;background_background&quot;:&quot;classic&quot;}\">\n\t\t\t\t\t\t\t<div class=\"elementor-background-overlay\"><\/div>\n\t\t\t\t\t\t\t<div class=\"elementor-container elementor-column-gap-default\">\n\t\t\t\t\t<div class=\"elementor-column elementor-col-100 elementor-top-column elementor-element elementor-element-913753e\" data-id=\"913753e\" data-element_type=\"column\">\n\t\t\t<div class=\"elementor-widget-wrap elementor-element-populated\">\n\t\t\t\t\t\t<div class=\"elementor-element elementor-element-fbdcabf elementor-widget elementor-widget-heading\" data-id=\"fbdcabf\" data-element_type=\"widget\" data-widget_type=\"heading.default\">\n\t\t\t\t<div class=\"elementor-widget-container\">\n\t\t\t<h1 class=\"elementor-heading-title elementor-size-default\">El Moh\u00e1n, la Palabra y el Juego de Pelota<\/h1>\t\t<\/div>\n\t\t\t\t<\/div>\n\t\t\t\t\t<\/div>\n\t\t<\/div>\n\t\t\t\t\t<\/div>\n\t\t<\/section>\n\t\t\t\t<section class=\"elementor-section elementor-top-section elementor-element elementor-element-4f78db0 elementor-section-boxed elementor-section-height-default elementor-section-height-default\" data-id=\"4f78db0\" data-element_type=\"section\">\n\t\t\t\t\t\t<div class=\"elementor-container elementor-column-gap-default\">\n\t\t\t\t\t<div class=\"elementor-column elementor-col-50 elementor-top-column elementor-element elementor-element-9409f4b\" data-id=\"9409f4b\" data-element_type=\"column\">\n\t\t\t<div class=\"elementor-widget-wrap elementor-element-populated\">\n\t\t\t\t\t\t<div class=\"elementor-element elementor-element-df68572 elementor-widget elementor-widget-spacer\" data-id=\"df68572\" data-element_type=\"widget\" data-widget_type=\"spacer.default\">\n\t\t\t\t<div class=\"elementor-widget-container\">\n\t\t\t\t\t<div class=\"elementor-spacer\">\n\t\t\t<div class=\"elementor-spacer-inner\"><\/div>\n\t\t<\/div>\n\t\t\t\t<\/div>\n\t\t\t\t<\/div>\n\t\t\t\t<div class=\"elementor-element elementor-element-388da88 elementor-widget elementor-widget-image\" data-id=\"388da88\" data-element_type=\"widget\" data-widget_type=\"image.default\">\n\t\t\t\t<div class=\"elementor-widget-container\">\n\t\t\t\t\t\t\t\t\t\t\t\t\t<img fetchpriority=\"high\" decoding=\"async\" width=\"351\" height=\"263\" src=\"https:\/\/corpobluemorpho.org\/wp-content\/uploads\/2024\/08\/gale_4.png\" class=\"attachment-large size-large wp-image-2250\" alt=\"\" srcset=\"https:\/\/corpobluemorpho.org\/wp-content\/uploads\/2024\/08\/gale_4.png 351w, https:\/\/corpobluemorpho.org\/wp-content\/uploads\/2024\/08\/gale_4-300x225.png 300w\" sizes=\"(max-width: 351px) 100vw, 351px\" \/>\t\t\t\t\t\t\t\t\t\t\t\t\t<\/div>\n\t\t\t\t<\/div>\n\t\t\t\t<div class=\"elementor-element elementor-element-a5d7059 elementor-widget elementor-widget-spacer\" data-id=\"a5d7059\" data-element_type=\"widget\" data-widget_type=\"spacer.default\">\n\t\t\t\t<div class=\"elementor-widget-container\">\n\t\t\t\t\t<div class=\"elementor-spacer\">\n\t\t\t<div class=\"elementor-spacer-inner\"><\/div>\n\t\t<\/div>\n\t\t\t\t<\/div>\n\t\t\t\t<\/div>\n\t\t\t\t\t<\/div>\n\t\t<\/div>\n\t\t\t\t<div class=\"elementor-column elementor-col-50 elementor-top-column elementor-element elementor-element-3a40d44\" data-id=\"3a40d44\" data-element_type=\"column\">\n\t\t\t<div class=\"elementor-widget-wrap elementor-element-populated\">\n\t\t\t\t\t\t<div class=\"elementor-element elementor-element-9a81d5a elementor-widget elementor-widget-spacer\" data-id=\"9a81d5a\" data-element_type=\"widget\" data-widget_type=\"spacer.default\">\n\t\t\t\t<div class=\"elementor-widget-container\">\n\t\t\t\t\t<div class=\"elementor-spacer\">\n\t\t\t<div class=\"elementor-spacer-inner\"><\/div>\n\t\t<\/div>\n\t\t\t\t<\/div>\n\t\t\t\t<\/div>\n\t\t\t\t<div class=\"elementor-element elementor-element-30ffd15 elementor-widget elementor-widget-text-editor\" data-id=\"30ffd15\" data-element_type=\"widget\" data-widget_type=\"text-editor.default\">\n\t\t\t\t<div class=\"elementor-widget-container\">\n\t\t\t\t\t\t\t<p>Formulaci\u00f3n de propuesta para el fortalecimiento del Derecho Propio en la Justicia Especial Ind\u00edgena &#8211; JEI del Cabildo Diosa Dulima asentado en Soacha, Cundinamarca, en el Contexto Cabildo-Ciudad\u00a0 proveniente del pueblo Pijao del Tolima, con la participaci\u00f3n del l\u00edder espiritual y m\u00e9dico ancestral Taita Jos\u00e9 Erasmo Yate (QEPD) y del gobernador\u00a0 del cabildo, se\u00f1or Edgar Oyola construida bajo los par\u00e1metros constitucionales de respeto a la multiculturalidad, trabajo mutuo y comunitario.<\/p>\t\t\t\t\t\t<\/div>\n\t\t\t\t<\/div>\n\t\t\t\t\t<\/div>\n\t\t<\/div>\n\t\t\t\t\t<\/div>\n\t\t<\/section>\n\t\t\t\t<section class=\"elementor-section elementor-top-section elementor-element elementor-element-b6889a1 elementor-section-full_width elementor-section-height-default elementor-section-height-default\" data-id=\"b6889a1\" data-element_type=\"section\">\n\t\t\t\t\t\t<div class=\"elementor-container elementor-column-gap-no\">\n\t\t\t\t\t<div class=\"elementor-column elementor-col-100 elementor-top-column elementor-element elementor-element-2e91357\" data-id=\"2e91357\" data-element_type=\"column\">\n\t\t\t<div class=\"elementor-widget-wrap elementor-element-populated\">\n\t\t\t\t\t\t<div class=\"elementor-element elementor-element-cf45d38 gallery-spacing-custom elementor-widget elementor-widget-image-gallery\" data-id=\"cf45d38\" data-element_type=\"widget\" data-widget_type=\"image-gallery.default\">\n\t\t\t\t<div class=\"elementor-widget-container\">\n\t\t\t\t\t<div class=\"elementor-image-gallery\">\n\t\t\t<div id='gallery-1' class='gallery galleryid-2387 gallery-columns-4 gallery-size-full'><figure class='gallery-item'>\n\t\t\t<div class='gallery-icon landscape'>\n\t\t\t\t<img decoding=\"async\" width=\"760\" height=\"416\" src=\"https:\/\/corpobluemorpho.org\/wp-content\/uploads\/2024\/08\/gale_11.png\" class=\"attachment-full size-full\" alt=\"\" srcset=\"https:\/\/corpobluemorpho.org\/wp-content\/uploads\/2024\/08\/gale_11.png 760w, https:\/\/corpobluemorpho.org\/wp-content\/uploads\/2024\/08\/gale_11-300x164.png 300w\" sizes=\"(max-width: 760px) 100vw, 760px\" \/>\n\t\t\t<\/div><\/figure><figure class='gallery-item'>\n\t\t\t<div class='gallery-icon landscape'>\n\t\t\t\t<img decoding=\"async\" width=\"760\" height=\"416\" src=\"https:\/\/corpobluemorpho.org\/wp-content\/uploads\/2024\/08\/gale_12.png\" class=\"attachment-full size-full\" alt=\"\" srcset=\"https:\/\/corpobluemorpho.org\/wp-content\/uploads\/2024\/08\/gale_12.png 760w, https:\/\/corpobluemorpho.org\/wp-content\/uploads\/2024\/08\/gale_12-300x164.png 300w\" sizes=\"(max-width: 760px) 100vw, 760px\" \/>\n\t\t\t<\/div><\/figure><figure class='gallery-item'>\n\t\t\t<div class='gallery-icon landscape'>\n\t\t\t\t<img loading=\"lazy\" decoding=\"async\" width=\"760\" height=\"416\" src=\"https:\/\/corpobluemorpho.org\/wp-content\/uploads\/2024\/08\/gale_14.png\" class=\"attachment-full size-full\" alt=\"\" srcset=\"https:\/\/corpobluemorpho.org\/wp-content\/uploads\/2024\/08\/gale_14.png 760w, https:\/\/corpobluemorpho.org\/wp-content\/uploads\/2024\/08\/gale_14-300x164.png 300w\" sizes=\"(max-width: 760px) 100vw, 760px\" \/>\n\t\t\t<\/div><\/figure><figure class='gallery-item'>\n\t\t\t<div class='gallery-icon landscape'>\n\t\t\t\t<img loading=\"lazy\" decoding=\"async\" width=\"760\" height=\"416\" src=\"https:\/\/corpobluemorpho.org\/wp-content\/uploads\/2024\/08\/gale_15.png\" class=\"attachment-full size-full\" alt=\"\" srcset=\"https:\/\/corpobluemorpho.org\/wp-content\/uploads\/2024\/08\/gale_15.png 760w, https:\/\/corpobluemorpho.org\/wp-content\/uploads\/2024\/08\/gale_15-300x164.png 300w\" sizes=\"(max-width: 760px) 100vw, 760px\" \/>\n\t\t\t<\/div><\/figure>\n\t\t<\/div>\n\t\t<\/div>\n\t\t\t\t<\/div>\n\t\t\t\t<\/div>\n\t\t\t\t<div class=\"elementor-element elementor-element-95c93ec elementor-widget elementor-widget-text-editor\" data-id=\"95c93ec\" data-element_type=\"widget\" data-widget_type=\"text-editor.default\">\n\t\t\t\t<div class=\"elementor-widget-container\">\n\t\t\t\t\t\t\t<p>Salida de reconocimiento del territorio. \u201cBosque Sagrado\u201d\u00a0 Edgard Oyola, gobernador 2015<\/p>\t\t\t\t\t\t<\/div>\n\t\t\t\t<\/div>\n\t\t\t\t\t<\/div>\n\t\t<\/div>\n\t\t\t\t\t<\/div>\n\t\t<\/section>\n\t\t\t\t<section class=\"elementor-section elementor-top-section elementor-element elementor-element-08ef69c elementor-section-boxed elementor-section-height-default elementor-section-height-default\" data-id=\"08ef69c\" data-element_type=\"section\">\n\t\t\t\t\t\t\t<div class=\"elementor-background-overlay\"><\/div>\n\t\t\t\t\t\t\t<div class=\"elementor-container elementor-column-gap-default\">\n\t\t\t\t\t<div class=\"elementor-column elementor-col-100 elementor-top-column elementor-element elementor-element-b819bf9\" data-id=\"b819bf9\" data-element_type=\"column\">\n\t\t\t<div class=\"elementor-widget-wrap elementor-element-populated\">\n\t\t\t\t\t\t<div class=\"elementor-element elementor-element-a00adf1 elementor-widget elementor-widget-spacer\" data-id=\"a00adf1\" data-element_type=\"widget\" data-widget_type=\"spacer.default\">\n\t\t\t\t<div class=\"elementor-widget-container\">\n\t\t\t\t\t<div class=\"elementor-spacer\">\n\t\t\t<div class=\"elementor-spacer-inner\"><\/div>\n\t\t<\/div>\n\t\t\t\t<\/div>\n\t\t\t\t<\/div>\n\t\t\t\t<div class=\"elementor-element elementor-element-f15f7d2 elementor-position-top elementor-widget elementor-widget-image-box\" data-id=\"f15f7d2\" data-element_type=\"widget\" data-widget_type=\"image-box.default\">\n\t\t\t\t<div class=\"elementor-widget-container\">\n\t\t\t<div class=\"elementor-image-box-wrapper\"><figure class=\"elementor-image-box-img\"><img loading=\"lazy\" decoding=\"async\" width=\"188\" height=\"189\" src=\"https:\/\/corpobluemorpho.org\/wp-content\/uploads\/2024\/08\/gale_17.png\" class=\"attachment-full size-full wp-image-2411\" alt=\"\" srcset=\"https:\/\/corpobluemorpho.org\/wp-content\/uploads\/2024\/08\/gale_17.png 188w, https:\/\/corpobluemorpho.org\/wp-content\/uploads\/2024\/08\/gale_17-150x150.png 150w\" sizes=\"(max-width: 188px) 100vw, 188px\" \/><\/figure><div class=\"elementor-image-box-content\"><h3 class=\"elementor-image-box-title\">Taita Jos\u00e9 Erasmo Yate <\/h3><p class=\"elementor-image-box-description\">\u201cEl Taita Erasmo\u201d (QEPD) m\u00e9dico ancestral pijao  <\/p><\/div><\/div>\t\t<\/div>\n\t\t\t\t<\/div>\n\t\t\t\t<div class=\"elementor-element elementor-element-5ff25d9 elementor-widget elementor-widget-spacer\" data-id=\"5ff25d9\" data-element_type=\"widget\" data-widget_type=\"spacer.default\">\n\t\t\t\t<div class=\"elementor-widget-container\">\n\t\t\t\t\t<div class=\"elementor-spacer\">\n\t\t\t<div class=\"elementor-spacer-inner\"><\/div>\n\t\t<\/div>\n\t\t\t\t<\/div>\n\t\t\t\t<\/div>\n\t\t\t\t\t<\/div>\n\t\t<\/div>\n\t\t\t\t\t<\/div>\n\t\t<\/section>\n\t\t\t\t<\/div>\n\t\t","protected":false},"excerpt":{"rendered":"<p>El Moh\u00e1n, la Palabra y el Juego de Pelota Formulaci\u00f3n de propuesta para el fortalecimiento del Derecho Propio en la Justicia Especial Ind\u00edgena &#8211; JEI del Cabildo Diosa Dulima asentado en Soacha, Cundinamarca, en el Contexto Cabildo-Ciudad\u00a0 proveniente del pueblo Pijao del Tolima, con la participaci\u00f3n del l\u00edder espiritual y m\u00e9dico ancestral Taita Jos\u00e9 Erasmo [&hellip;]<\/p>\n","protected":false},"author":1,"featured_media":0,"parent":0,"menu_order":0,"comment_status":"closed","ping_status":"closed","template":"","meta":{"site-sidebar-layout":"no-sidebar","site-content-layout":"page-builder","ast-site-content-layout":"full-width-container","site-content-style":"default","site-sidebar-style":"default","ast-global-header-display":"","ast-banner-title-visibility":"","ast-main-header-display":"","ast-hfb-above-header-display":"","ast-hfb-below-header-display":"","ast-hfb-mobile-header-display":"","site-post-title":"disabled","ast-breadcrumbs-content":"","ast-featured-img":"disabled","footer-sml-layout":"","theme-transparent-header-meta":"","adv-header-id-meta":"","stick-header-meta":"","header-above-stick-meta":"","header-main-stick-meta":"","header-below-stick-meta":"","astra-migrate-meta-layouts":"set","ast-page-background-enabled":"default","ast-page-background-meta":{"desktop":{"background-color":"var(--ast-global-color-4)","background-image":"","background-repeat":"repeat","background-position":"center center","background-size":"auto","background-attachment":"scroll","background-type":"","background-media":"","overlay-type":"","overlay-color":"","overlay-opacity":"","overlay-gradient":""},"tablet":{"background-color":"","background-image":"","background-repeat":"repeat","background-position":"center center","background-size":"auto","background-attachment":"scroll","background-type":"","background-media":"","overlay-type":"","overlay-color":"","overlay-opacity":"","overlay-gradient":""},"mobile":{"background-color":"","background-image":"","background-repeat":"repeat","background-position":"center center","background-size":"auto","background-attachment":"scroll","background-type":"","background-media":"","overlay-type":"","overlay-color":"","overlay-opacity":"","overlay-gradient":""}},"ast-content-background-meta":{"desktop":{"background-color":"var(--ast-global-color-5)","background-image":"","background-repeat":"repeat","background-position":"center center","background-size":"auto","background-attachment":"scroll","background-type":"","background-media":"","overlay-type":"","overlay-color":"","overlay-opacity":"","overlay-gradient":""},"tablet":{"background-color":"var(--ast-global-color-5)","background-image":"","background-repeat":"repeat","background-position":"center center","background-size":"auto","background-attachment":"scroll","background-type":"","background-media":"","overlay-type":"","overlay-color":"","overlay-opacity":"","overlay-gradient":""},"mobile":{"background-color":"var(--ast-global-color-5)","background-image":"","background-repeat":"repeat","background-position":"center center","background-size":"auto","background-attachment":"scroll","background-type":"","background-media":"","overlay-type":"","overlay-color":"","overlay-opacity":"","overlay-gradient":""}},"footnotes":""},"class_list":["post-2387","page","type-page","status-publish","hentry"],"_links":{"self":[{"href":"https:\/\/corpobluemorpho.org\/index.php?rest_route=\/wp\/v2\/pages\/2387"}],"collection":[{"href":"https:\/\/corpobluemorpho.org\/index.php?rest_route=\/wp\/v2\/pages"}],"about":[{"href":"https:\/\/corpobluemorpho.org\/index.php?rest_route=\/wp\/v2\/types\/page"}],"author":[{"embeddable":true,"href":"https:\/\/corpobluemorpho.org\/index.php?rest_route=\/wp\/v2\/users\/1"}],"replies":[{"embeddable":true,"href":"https:\/\/corpobluemorpho.org\/index.php?rest_route=%2Fwp%2Fv2%2Fcomments&post=2387"}],"version-history":[{"count":32,"href":"https:\/\/corpobluemorpho.org\/index.php?rest_route=\/wp\/v2\/pages\/2387\/revisions"}],"predecessor-version":[{"id":3417,"href":"https:\/\/corpobluemorpho.org\/index.php?rest_route=\/wp\/v2\/pages\/2387\/revisions\/3417"}],"wp:attachment":[{"href":"https:\/\/corpobluemorpho.org\/index.php?rest_route=%2Fwp%2Fv2%2Fmedia&parent=2387"}],"curies":[{"name":"wp","href":"https:\/\/api.w.org\/{rel}","templated":true}]}}